{"id":33,"date":"2018-05-01T00:24:17","date_gmt":"2018-04-30T23:24:17","guid":{"rendered":"http:\/\/www.clubnaturpur.eu\/?page_id=33"},"modified":"2019-09-03T16:58:33","modified_gmt":"2019-09-03T15:58:33","slug":"wanderfuehrer","status":"publish","type":"page","link":"https:\/\/www.clubnaturpur.eu\/?page_id=33","title":{"rendered":"Wanderf\u00fchrer"},"content":{"rendered":"\n<figure class=\"wp-block-image\"><img loading=\"lazy\" width=\"800\" height=\"350\" src=\"https:\/\/www.clubnaturpur.eu\/wp-content\/2019\/09\/Wanderfuehrer.jpg\" alt=\"\" class=\"wp-image-1861\" srcset=\"https:\/\/www.clubnaturpur.eu\/wp-content\/2019\/09\/Wanderfuehrer.jpg 800w, https:\/\/www.clubnaturpur.eu\/wp-content\/2019\/09\/Wanderfuehrer-300x131.jpg 300w, https:\/\/www.clubnaturpur.eu\/wp-content\/2019\/09\/Wanderfuehrer-768x336.jpg 768w, https:\/\/www.clubnaturpur.eu\/wp-content\/2019\/09\/Wanderfuehrer-604x264.jpg 604w\" sizes=\"(max-width: 800px) 100vw, 800px\" \/><\/figure>\n\n\n<p>\u00a0<\/p>\n<p><img loading=\"lazy\" class=\"size-medium wp-image-208 aligncenter\" src=\"http:\/\/www.clubnaturpur.eu\/wp-content\/2018\/06\/head_bild3-300x38.jpg\" alt=\"\" width=\"300\" height=\"38\" srcset=\"https:\/\/www.clubnaturpur.eu\/wp-content\/2018\/06\/head_bild3-300x38.jpg 300w, https:\/\/www.clubnaturpur.eu\/wp-content\/2018\/06\/head_bild3.jpg 570w\" sizes=\"(max-width: 300px) 100vw, 300px\" \/><br \/>\u00dcber 6.000 beschilderte Wanderwege f\u00fchren durch Vorarlbergs Bergwelt, Alpen, Biosph\u00e4renpark,\u00a0 Kulturkleinode und vieles mehr machen die intakte Naturlandschaft attraktiv. Die qualifizierten Wanderf\u00fchrer zeigen ihren G\u00e4sten, wo sich Murmeltiere die Sonne auf den Bauch scheinen lassen oder Heilkr\u00e4uter wachsen, erkl\u00e4ren die Welt der Alpen und auf uralten Handelsrouten lassen sie\u00a0 Kultur &amp; Geschichte sp\u00fcrbar werden. Ihre Kenntnisse \u00f6ffnen uns die Augen f\u00fcr\u00a0 eine herrliche Naturwelt direkt vor unserer Haust\u00fcre und dar\u00fcber hinaus.<\/p>\n<p>&#8222;Zu Fu\u00df kann man besser schauen&#8220;, sagt der Maler Paul Klee. Wandern ist mehr. Wir f\u00fchlen, riechen und h\u00f6ren intensiver, was uns umgibt. Und in dem Ma\u00df, wie das Wandern uns zur Entschleunigung zwingt, nehmen wir auch uns selbst besser wahr. So vielf\u00e4ltig wie die Erfahrungen, die das Wandern erm\u00f6glicht, sind auch die Wege, die sie mit den\u00a0 Vorarlberger Wanderf\u00fchrerInnen gehen k\u00f6nnen.<\/p>\n<p>Die ausgebildeten F\u00fchrerInnen sind durch regionale Vertreter im Ausschuss des Vorarlberger Bergf\u00fchrerverbandes vertreten, der auch f\u00fcr die Aus- und Weiterbildung zu st\u00e4ndig ist. Durch die Mitgliedschaft im Vlbg. Bergf\u00fchrerverband sind sie auch rechtlich abgesichert und verf\u00fcgen \u00fcber eine Haftpflichtversicherung.\u00a0 In Vorarlberg ist die Ausbildung gesetzlich geregelt. Wer f\u00fchrt, ben\u00f6tigt auch einen Bef\u00e4higungsnachweis.<\/p>\n<p><em>Sie erkennen die Vorarlberger Wanderf\u00fchrer an ihrem Abzeichen oder an ihrem<br \/><\/em><\/p>\n<p><em>Bef\u00e4higungsausweis.<\/em><\/p>\n<p>Die Ausbildung zum Vorarlberger Wanderf\u00fchrer<br \/>f\u00fchrt der Vorarlberger Bergf\u00fchrerverband durch<br \/>&#8222;<i>Die kompetente Ausbildung umfasst 2 Module und beinhaltet F\u00fchrungstechnik, Orientierung, Wetterkunde, Erste Hilfe, Natur- und Kulturkunde und vieles mehr. Als Zusatzqualifikation kann die Befugnis zur F\u00fchrung im Winter, Schneeschuhwandern erworben werden. <\/i>&#8222;<\/p>\n<p>Quelle: Vorarlberger Bergf\u00fchrerverband<br \/><a href=\"http:\/\/www2.vorarlberg.bergfuehrer.at\" target=\"_blank\" rel=\"noopener noreferrer\">&gt;&gt;&gt; zum Vorarlberger Berf\u00fchrerverband &gt;&gt;&gt;<\/a><\/p>\n<div class=\"supsystic-table-loader la-line-scale la-2x\" style=\"color:#0d96ff\"><div><\/div><div><\/div><div><\/div><div><\/div><div><\/div><\/div><div id=\"supsystic-table-4_81108\" class=\"supsystic-tables-wrap \" style=\" width:300px; visibility: hidden; \" data-table-width-fixed=\"300px\" data-table-width-mobile=\"300px\" ><table id=\"supsystic-table-4\" class=\"supsystic-table border stripe lightboxImg row-border\" data-id=\"4\" data-view-id=\"4_81108\" data-title=\"CNP Wanderf\u00fchrer\" data-currency-format=\"$1,000.00\" data-percent-format=\"10.00%\" data-date-format=\"DD.MM.YYYY\" data-time-format=\"HH:mm\" data-features=\"[&quot;after_table_loaded_script&quot;,&quot;import&quot;]\" data-search-value=\"\" data-lightbox-img=\"\" data-head-rows-count=\"1\" data-pagination-length=\"50,100,All\" data-auto-index=\"off\" data-searching-settings=\"{&quot;columnSearchPosition&quot;:&quot;bottom&quot;,&quot;minChars&quot;:&quot;0&quot;}\" data-lang=\"default\" data-override=\"{&quot;emptyTable&quot;:&quot;&quot;,&quot;info&quot;:&quot;&quot;,&quot;infoEmpty&quot;:&quot;&quot;,&quot;infoFiltered&quot;:&quot;&quot;,&quot;lengthMenu&quot;:&quot;&quot;,&quot;search&quot;:&quot;&quot;,&quot;zeroRecords&quot;:&quot;&quot;,&quot;exportLabel&quot;:&quot;&quot;,&quot;file&quot;:&quot;default&quot;}\" data-merged=\"[]\" data-responsive-mode=\"0\" data-from-history=\"0\" ><thead><tr><th class=\"\" style=\"width:; padding: 0 !important;\"><\/th><\/tr><\/thead><tbody><tr style=\"height:px\" ><td data-cell-id=\"A1\" data-x=\"0\" data-y=\"1\" data-db-index=\"1\" class=\"\" data-cell-type=\"text\" data-original-value=\"\" data-order=\"\" style=\"min-width:100%; \" ><\/td><\/tr><tr style=\"height:px\" ><td data-cell-id=\"A2\" data-x=\"0\" data-y=\"2\" data-db-index=\"2\" class=\"\" data-cell-type=\"text\" data-original-value=\"Sigi Schw\u00e4rzler\" data-order=\"Sigi Schw\u00e4rzler\" >Sigi Schw\u00e4rzler <\/td><\/tr><tr style=\"height:px\" ><td data-cell-id=\"A3\" data-x=\"0\" data-y=\"3\" data-db-index=\"3\" class=\"\" data-cell-type=\"text\" data-original-value=\"\" data-order=\"\" ><\/td><\/tr><tr style=\"height:px\" ><td data-cell-id=\"A4\" data-x=\"0\" data-y=\"4\" data-db-index=\"4\" class=\"\" data-cell-type=\"text\" data-original-value=\"Norbert Engel\" data-order=\"Norbert Engel\" >Norbert Engel <\/td><\/tr><tr style=\"height:px\" ><td data-cell-id=\"A5\" data-x=\"0\" data-y=\"5\" data-db-index=\"5\" class=\"\" data-cell-type=\"text\" data-original-value=\"\" data-order=\"\" ><\/td><\/tr><tr style=\"height:px\" ><td data-cell-id=\"A6\" data-x=\"0\" data-y=\"6\" data-db-index=\"6\" class=\"\" data-cell-type=\"text\" data-original-value=\"Ralf Noest\" data-order=\"Ralf Noest\" >Ralf Noest <\/td><\/tr><tr style=\"height:px\" ><td data-cell-id=\"A7\" data-x=\"0\" data-y=\"7\" data-db-index=\"7\" class=\"\" data-cell-type=\"text\" data-original-value=\"\" data-order=\"\" ><\/td><\/tr><tr style=\"height:px\" ><td data-cell-id=\"A8\" data-x=\"0\" data-y=\"8\" data-db-index=\"8\" class=\"\" data-cell-type=\"text\" data-original-value=\"Karlheinz W\u00fcrder\" data-order=\"Karlheinz W\u00fcrder\" >Karlheinz W\u00fcrder <\/td><\/tr><tr style=\"height:px\" ><td data-cell-id=\"A9\" data-x=\"0\" data-y=\"9\" data-db-index=\"9\" class=\"\" data-cell-type=\"text\" data-original-value=\"\" data-order=\"\" ><\/td><\/tr><tr style=\"height:px\" ><td data-cell-id=\"A10\" data-x=\"0\" data-y=\"10\" data-db-index=\"10\" class=\"\" data-cell-type=\"text\" data-original-value=\"Siegi Stimpfl\" data-order=\"Siegi Stimpfl\" >Siegi Stimpfl <\/td><\/tr><tr style=\"height:px\" ><td data-cell-id=\"A11\" data-x=\"0\" data-y=\"11\" data-db-index=\"11\" class=\"\" data-cell-type=\"text\" data-original-value=\"\" data-order=\"\" ><\/td><\/tr><tr style=\"height:px\" ><td data-cell-id=\"A12\" data-x=\"0\" data-y=\"12\" data-db-index=\"12\" class=\"\" data-cell-type=\"text\" data-original-value=\"Andi B\u00f6sch\" data-order=\"Andi B\u00f6sch\" >Andi B\u00f6sch <\/td><\/tr><tr style=\"height:px\" ><td data-cell-id=\"A13\" data-x=\"0\" data-y=\"13\" data-db-index=\"13\" class=\"\" data-cell-type=\"text\" data-original-value=\"\" data-order=\"\" ><\/td><\/tr><tr style=\"height:px\" ><td data-cell-id=\"A14\" data-x=\"0\" data-y=\"14\" data-db-index=\"14\" class=\"\" data-cell-type=\"text\" data-original-value=\"Andi Unterguggenberger\" data-order=\"Andi Unterguggenberger\" >Andi Unterguggenberger <\/td><\/tr><tr style=\"height:px\" ><td data-cell-id=\"A15\" data-x=\"0\" data-y=\"15\" data-db-index=\"15\" class=\"\" data-cell-type=\"text\" data-original-value=\"\" data-order=\"\" ><\/td><\/tr><tr style=\"height:px\" ><td data-cell-id=\"A16\" data-x=\"0\" data-y=\"16\" data-db-index=\"16\" class=\"\" data-cell-type=\"text\" data-original-value=\"Manuel Schw\u00e4rzler\" data-order=\"Manuel Schw\u00e4rzler\" >Manuel Schw\u00e4rzler <\/td><\/tr><tr style=\"height:px\" ><td data-cell-id=\"A17\" data-x=\"0\" data-y=\"17\" data-db-index=\"17\" class=\"\" data-cell-type=\"text\" data-original-value=\"\" data-order=\"\" ><\/td><\/tr><tr style=\"height:px\" ><td data-cell-id=\"A18\" data-x=\"0\" data-y=\"18\" data-db-index=\"18\" class=\"\" data-cell-type=\"text\" data-original-value=\"Nora Hagen\" data-order=\"Nora Hagen\" >Nora Hagen <\/td><\/tr><\/tbody><\/table><!-- \/#supsystic-table-4.supsystic-table --><\/div><!-- \/.supsystic-tables-wrap --><!-- Tables Generator by Supsystic --><!-- Version:1.11.0 --><!-- http:\/\/supsystic.com\/ --><a title=\"Wordpress Table Plugin\" style=\"display:none;\" href=\"https:\/\/supsystic.com\/plugins\/wordpress-data-table-plugin\/?utm_medium=love_link\" target=\"_blank\">Wordpress Table Plugin<\/a>","protected":false},"excerpt":{"rendered":"<p>\u00a0 \u00dcber 6.000 beschilderte Wanderwege f\u00fchren durch Vorarlbergs Bergwelt, Alpen, Biosph\u00e4renpark,\u00a0 Kulturkleinode und vieles mehr machen die intakte Naturlandschaft attraktiv. Die qualifizierten Wanderf\u00fchrer zeigen ihren G\u00e4sten, wo sich Murmeltiere die Sonne auf den Bauch scheinen lassen oder Heilkr\u00e4uter wachsen, erkl\u00e4ren die Welt der Alpen und auf uralten Handelsrouten lassen sie\u00a0 Kultur &amp; Geschichte sp\u00fcrbar&#8230;<\/p>\n<p class=\"read-more\"><a class=\"btn btn-default\" href=\"https:\/\/www.clubnaturpur.eu\/?page_id=33\"> Read More<span class=\"screen-reader-text\">  Read More<\/span><\/a><\/p>\n","protected":false},"author":1,"featured_media":0,"parent":0,"menu_order":0,"comment_status":"closed","ping_status":"closed","template":"","meta":[],"_links":{"self":[{"href":"https:\/\/www.clubnaturpur.eu\/index.php?rest_route=\/wp\/v2\/pages\/33"}],"collection":[{"href":"https:\/\/www.clubnaturpur.eu\/index.php?rest_route=\/wp\/v2\/pages"}],"about":[{"href":"https:\/\/www.clubnaturpur.eu\/index.php?rest_route=\/wp\/v2\/types\/page"}],"author":[{"embeddable":true,"href":"https:\/\/www.clubnaturpur.eu\/index.php?rest_route=\/wp\/v2\/users\/1"}],"replies":[{"embeddable":true,"href":"https:\/\/www.clubnaturpur.eu\/index.php?rest_route=%2Fwp%2Fv2%2Fcomments&post=33"}],"version-history":[{"count":8,"href":"https:\/\/www.clubnaturpur.eu\/index.php?rest_route=\/wp\/v2\/pages\/33\/revisions"}],"predecessor-version":[{"id":1862,"href":"https:\/\/www.clubnaturpur.eu\/index.php?rest_route=\/wp\/v2\/pages\/33\/revisions\/1862"}],"wp:attachment":[{"href":"https:\/\/www.clubnaturpur.eu\/index.php?rest_route=%2Fwp%2Fv2%2Fmedia&parent=33"}],"curies":[{"name":"wp","href":"https:\/\/api.w.org\/{rel}","templated":true}]}}