{"id":184,"date":"2018-06-26T11:29:11","date_gmt":"2018-06-26T10:29:11","guid":{"rendered":"http:\/\/www.clubnaturpur.eu\/?page_id=184"},"modified":"2021-09-14T11:35:54","modified_gmt":"2021-09-14T10:35:54","slug":"der-club","status":"publish","type":"page","link":"https:\/\/www.clubnaturpur.eu\/?page_id=184","title":{"rendered":"Der Club"},"content":{"rendered":"<p><strong>Mit CNP in die Wildnis<\/strong><\/p>\n<h2>30 Jahre Club Natur Pur: Abenteuer, Natur, Wildnistraining<\/h2>\n<p><strong>Die Natur in seiner Urspr\u00fcnglichkeit zu erleben &#8211; das bietet der Club Natur Pur (CNP) auch heuer wieder durch zahlreiche Kurse von Juni bis September. Das Angebot reicht von \u00dcberlebenskursen im L\u00e4ndle bis hin zu Kanu- und Trekking-Touren in verschiedenen Regionen Europas<\/strong>.<\/p>\n<p>Zeit f\u00fcr die Natur zu haben hei\u00dft auszusteigen aus dem Alltag. Urspr\u00fcnglichkeit, Sch\u00f6nheit und den Zauber der Natur gilt es hautnah zu erleben. Dabei wird der Sinn f\u00fcr das Unber\u00fchrte gesch\u00e4rft. man erf\u00e4hrt Freude an den Grundbed\u00fcrfnissen des Lebens.<\/p>\n<p>\u201e\u00dcberleben in der freien Natur ist aber auch mit Gefahren und Schwierigkeiten verbunden. Die Wildnis fordert den Menschen in seiner Gesamtheit. Diese Schwierigkeit zu \u00fcberwinden ist eine faszinierende Herausforderung\u201c, meint der allseits bekannte CNP-Cheftrainer <strong>\u201eRanger-Sigi Schw\u00e4rzler&#8220;.<\/strong> Und genau hier beginnt der Wirkungskreis des Club Natur Pur.<\/p>\n<p>&#8222;Bei den Outdoor- und Wildnistrainings geht es neben dem Ein\u00fcben diverser Techniken und dem Einsatz von Hilfsmitteln um das Sammeln pers\u00f6nlicher Erfahrungen im Team und um die Selbsteinsch\u00e4tzung&#8220;ist der <strong>Trainer Norbert Engel<\/strong> \u00fcberzeugt. Nur wer so versteht, die Natur zum Freund zu gewinnen, kann mit und in ihr leben.<\/p>\n<p>\u201eDabei wird von den Teilnehmern\/Innen nichts verlangt, wovon Sie nicht \u00fcberzeugt sind. Albernheiten wie das Verspeisen von Regenw\u00fcrmern wollen wir jenen \u00fcberlassen, die sich sonst nicht anders zu helfen wissen!\u201c, so Schw\u00e4rzler. \u201eWichtiger ist das Zurechtkommen in schwierigen Verh\u00e4ltnissen. In gef\u00e4hrlichen Situationen klaren Kopf behalten und entscheiden lernen, was im rechten Augenblick zu tun ist. Wer wissen will, welche physischen und psychischen M\u00f6glichkeiten in ihm stecken, erf\u00e4hrt bei diesem Training interessante Herausforderungen.\u201c<\/p>\n<p><u>Vom Brotbacken bis zum Flossbau<\/u><\/p>\n<p>Die Outdoor- und Wildnistrainings sind unterteilt in Wildnis-, Fortbildungs- und Waldl\u00e4uferkurse.<\/p>\n<p>Beim dreit\u00e4gigen Wildniskurs kann jeder ohne Vorkenntnisse daran teilnehmen.<\/p>\n<p>Besondere Voraussetzungen werden nicht erwartet. Unabdingbar sind jedoch Teamgeist und Bereitschaft, witterungsbedingte Unw\u00e4gbarkeiten in Kauf zu nehmen. Dabei spielt das Alter oder das Geschlecht keine Rolle.<\/p>\n<p>Der Kurs f\u00fcr Einsteiger.<br \/>\nSpeziell f\u00fcr Kinder und Jugendliche bietet CNP ein anspruchsvolles und umfangreiches Wildnislager. Im bewu\u00dften Verzicht auf die gewohnten Annehmlichkeiten werden die Kinder\/Jugendlichen wesentliche Dinge des Lebens erfahren. Wer m\u00f6chte nicht belohnt werden mit Natur pur, Lagerfeuerromantik, Nervenkitzel und Abenteuerflair ? CNP macht das Unm\u00f6gliche m\u00f6glich.<\/p>\n<p><u><a href=\"http:\/\/www.clubnaturpur.eu\/?page_id=37\">F\u00fcr Firmen, Vereine, Gruppen, Schulklassen eigene Kurstermine nach Absprache.<\/a><br \/>\nKontaktiere uns &gt;&gt;&gt;<br \/>\n<\/u><\/p>\n","protected":false},"excerpt":{"rendered":"<p>Mit CNP in die Wildnis 30 Jahre Club Natur Pur: Abenteuer, Natur, Wildnistraining Die Natur in seiner Urspr\u00fcnglichkeit zu erleben &#8211; das bietet der Club Natur Pur (CNP) auch heuer wieder durch zahlreiche Kurse von Juni bis September. Das Angebot reicht von \u00dcberlebenskursen im L\u00e4ndle bis hin zu Kanu- und Trekking-Touren in verschiedenen Regionen&#8230;<\/p>\n<p class=\"read-more\"><a class=\"btn btn-default\" href=\"https:\/\/www.clubnaturpur.eu\/?page_id=184\"> Read More<span class=\"screen-reader-text\">  Read More<\/span><\/a><\/p>\n","protected":false},"author":1,"featured_media":0,"parent":0,"menu_order":0,"comment_status":"closed","ping_status":"closed","template":"","meta":[],"_links":{"self":[{"href":"https:\/\/www.clubnaturpur.eu\/index.php?rest_route=\/wp\/v2\/pages\/184"}],"collection":[{"href":"https:\/\/www.clubnaturpur.eu\/index.php?rest_route=\/wp\/v2\/pages"}],"about":[{"href":"https:\/\/www.clubnaturpur.eu\/index.php?rest_route=\/wp\/v2\/types\/page"}],"author":[{"embeddable":true,"href":"https:\/\/www.clubnaturpur.eu\/index.php?rest_route=\/wp\/v2\/users\/1"}],"replies":[{"embeddable":true,"href":"https:\/\/www.clubnaturpur.eu\/index.php?rest_route=%2Fwp%2Fv2%2Fcomments&post=184"}],"version-history":[{"count":5,"href":"https:\/\/www.clubnaturpur.eu\/index.php?rest_route=\/wp\/v2\/pages\/184\/revisions"}],"predecessor-version":[{"id":1936,"href":"https:\/\/www.clubnaturpur.eu\/index.php?rest_route=\/wp\/v2\/pages\/184\/revisions\/1936"}],"wp:attachment":[{"href":"https:\/\/www.clubnaturpur.eu\/index.php?rest_route=%2Fwp%2Fv2%2Fmedia&parent=184"}],"curies":[{"name":"wp","href":"https:\/\/api.w.org\/{rel}","templated":true}]}}