{"id":1833,"date":"2019-09-02T23:45:18","date_gmt":"2019-09-02T22:45:18","guid":{"rendered":"https:\/\/www.clubnaturpur.eu\/?page_id=1833"},"modified":"2019-09-02T23:56:56","modified_gmt":"2019-09-02T22:56:56","slug":"wilfried-dalpalu","status":"publish","type":"page","link":"https:\/\/www.clubnaturpur.eu\/?page_id=1833","title":{"rendered":"Wilfried Dalpalu"},"content":{"rendered":"\n<p><img loading=\"lazy\" width=\"118\" height=\"118\" class=\"wp-image-153\" style=\"width: 118px;\" src=\"https:\/\/www.clubnaturpur.eu\/wp-content\/2018\/06\/Wilfried_Dalpalu.jpg\" alt=\"\"><br>Waldl\u00e4ufer<br> Wilfried Dalpalu<\/p>\n\n\n\n<p>10 Jahre<\/p>\n\n\n\n<p>&nbsp;CNP Trainer und Kursleiter<br>\nWaldl\u00e4ufer<\/p>\n\n\n\n<p>Auch Wilfried Dalpalu gilt als Mann der\nersten Stunden. Seine Werdegang ist identisch mit dem von Norbert Engel. Im\nselben Jahr, 1995 wurde er ebenfalls zum Waldl\u00e4ufer geehrt. Ab 1992 im Vorstand\nvon CNP, als Obmann Stv. und Instruktor war er ma\u00dfgeblich f\u00fcr die Entwicklung\ndes Clubs und Durchf\u00fchrung der Veranstaltungen verantwortlich.<\/p>\n\n\n\n<p>Wer erinnert sich nicht gerne zur\u00fcck an die\nZeiten, als die Club-Veranstaltungen von den vier Sektionen (Wildnis, Kanu,\nTrekking, Tipi) durchgef\u00fchrt wurden. Gerade hier zeigte Wilfried seine St\u00e4rke\nund sein Arrangement, wenn es galt, die Clubphilosophie zu vertreten.<\/p>\n\n\n\n<p>Dabei gibt es f\u00fcr ihn \u201eno compromise\u201c &#8211;\ndenn Outdoor findet f\u00fcr ihn das ganze Jahr statt. Als Kenner der Dolomitenfront\nf\u00fchrt es ihn \u00f6fters ins S\u00fcdtirol, wo er CNPler und Gleichgesinnten die\nSch\u00f6nheit der Berge, erklommen \u00fcber Klettersteige, versucht n\u00e4her zu bringen.<\/p>\n\n\n\n<p>Bei den CNP-Trekkingtouren in die Pyren\u00e4en\nwar er als F\u00fchrer eingeteilt und bei der einmaligen Tour durch unser\nHeimatland, vom Bodensee zum Gletschereis (Piz Buin), zierte das goldene\nEdelwei\u00df seine M\u00fctze als Best\u00e4tigung dieser Herausforderung.<\/p>\n\n\n\n<p>Diverse Veranstaltungen, wie z.B. der\nGrizzly (Reality Schie\u00dfen), Karten- und Gel\u00e4ndekunde, Goldwaschen in Sienties\noder diverse Kanumeetings, sogar an den Yukon f\u00fchrte ihn diese Begeisterung,\nzeugen von seinem Entdeckerdrang und Abenteurertum, verbunden mit der Verantwortung,\ndiese Liebe und Lust anderen weiterzuvermitteln. Dazu war und ist ihm keine\nM\u00fche zuviel! Ich hoffe, wir k\u00f6nnen auf deinen Rat und deine Erfahrung noch\nlange zur\u00fcckgreifen. Es kann nur einen geben &#8211;<\/p>\n\n\n\n<p>&nbsp;in\nKameradschaft<\/p>\n\n\n\n<p>Sigi Schw\u00e4rzler.<\/p>\n","protected":false},"excerpt":{"rendered":"<p>Waldl\u00e4ufer Wilfried Dalpalu 10 Jahre &nbsp;CNP Trainer und Kursleiter Waldl\u00e4ufer Auch Wilfried Dalpalu gilt als Mann der ersten Stunden. Seine Werdegang ist identisch mit dem von Norbert Engel. Im selben Jahr, 1995 wurde er ebenfalls zum Waldl\u00e4ufer geehrt. Ab 1992 im Vorstand von CNP, als Obmann Stv. und Instruktor war er ma\u00dfgeblich f\u00fcr die&#8230;<\/p>\n<p class=\"read-more\"><a class=\"btn btn-default\" href=\"https:\/\/www.clubnaturpur.eu\/?page_id=1833\"> Read More<span class=\"screen-reader-text\">  Read More<\/span><\/a><\/p>\n","protected":false},"author":1,"featured_media":0,"parent":0,"menu_order":0,"comment_status":"closed","ping_status":"closed","template":"","meta":[],"_links":{"self":[{"href":"https:\/\/www.clubnaturpur.eu\/index.php?rest_route=\/wp\/v2\/pages\/1833"}],"collection":[{"href":"https:\/\/www.clubnaturpur.eu\/index.php?rest_route=\/wp\/v2\/pages"}],"about":[{"href":"https:\/\/www.clubnaturpur.eu\/index.php?rest_route=\/wp\/v2\/types\/page"}],"author":[{"embeddable":true,"href":"https:\/\/www.clubnaturpur.eu\/index.php?rest_route=\/wp\/v2\/users\/1"}],"replies":[{"embeddable":true,"href":"https:\/\/www.clubnaturpur.eu\/index.php?rest_route=%2Fwp%2Fv2%2Fcomments&post=1833"}],"version-history":[{"count":3,"href":"https:\/\/www.clubnaturpur.eu\/index.php?rest_route=\/wp\/v2\/pages\/1833\/revisions"}],"predecessor-version":[{"id":1851,"href":"https:\/\/www.clubnaturpur.eu\/index.php?rest_route=\/wp\/v2\/pages\/1833\/revisions\/1851"}],"wp:attachment":[{"href":"https:\/\/www.clubnaturpur.eu\/index.php?rest_route=%2Fwp%2Fv2%2Fmedia&parent=1833"}],"curies":[{"name":"wp","href":"https:\/\/api.w.org\/{rel}","templated":true}]}}